{"id":267,"date":"2020-10-28T07:00:21","date_gmt":"2020-10-28T07:00:21","guid":{"rendered":"https:\/\/jupiterx.artbees.net\/home-appliances-shop\/?post_type=product&#038;p=267"},"modified":"2022-08-03T14:19:44","modified_gmt":"2022-08-03T14:19:44","slug":"urbano","status":"publish","type":"product","link":"https:\/\/exclusivecolor.net\/en\/product\/urbano\/","title":{"rendered":"Urbano"},"content":{"rendered":"","protected":false},"excerpt":{"rendered":"<p>URBANO nga Regina \u00ebsht\u00eb ngjyr\u00eb p\u00ebr lyerjen e mureve dhe tavaneve q\u00eb frymon lirsh\u00ebm, \u00ebsht\u00eb produkt me baz\u00eb akrilike t\u00eb polinomeve sintetike n\u00eb dispersion ujor, pa shk\u00eblqim (matt), p\u00ebr p\u00ebrdorim t\u00eb brendsh\u00ebm.<br \/>\n<strong>Paketimi si e bardh\u00eb<\/strong> : 3 L , 9 L, 14 L<br \/>\n<img loading=\"lazy\" decoding=\"async\" class=\"alignnone wp-image-2285\" src=\"https:\/\/exclusivecolor.net\/wp-content\/uploads\/2021\/11\/img2.png\" alt=\"\" width=\"21\" height=\"21\" \/> <strong>Digestion<\/strong>: 10-20%<br \/>\n<img loading=\"lazy\" decoding=\"async\" class=\"alignnone wp-image-2284\" src=\"https:\/\/exclusivecolor.net\/wp-content\/uploads\/2021\/11\/img1.png\" alt=\"\" width=\"21\" height=\"21\" \/> <strong>Coverage<\/strong>: 6-8 m<sup>2<\/sup>\/L p\u00ebr nj\u00eb shtres\u00eb<br \/>\n<img loading=\"lazy\" decoding=\"async\" class=\"alignnone wp-image-2286\" src=\"https:\/\/exclusivecolor.net\/wp-content\/uploads\/2021\/11\/img3.png\" alt=\"\" width=\"21\" height=\"21\" \/> <strong>Work tools<\/strong>: rrollne, brush<br \/>\n<img loading=\"lazy\" decoding=\"async\" class=\"alignnone wp-image-2287\" src=\"https:\/\/exclusivecolor.net\/wp-content\/uploads\/2021\/11\/img4.png\" alt=\"\" width=\"21\" height=\"21\" \/> <strong>Drying time<\/strong>: 3 &#8211; 4 or\u00eb<\/p>","protected":false},"featured_media":1562,"template":"","meta":[],"product_brand":[],"product_cat":[35],"product_tag":[53,49,57,108,44,110,103,104,101,54,55,92,85,86,107,93,102,56,97,94,90,91,99,81,109,95,96,78,89,100,80,105,106,87,84,82,58,79,42,59,88,45,83,98],"class_list":{"0":"post-267","1":"product","2":"type-product","3":"status-publish","4":"has-post-thumbnail","6":"product_cat-interior","7":"product_tag-albisoft","8":"product_tag-best","9":"product_tag-bestseller","10":"product_tag-bojera-dhe-ngjyra","11":"product_tag-color","12":"product_tag-color-pristina","13":"product_tag-decorative-color","14":"product_tag-decorative-color-pristina","15":"product_tag-dekorative","16":"product_tag-exclusive","17":"product_tag-excluzive","18":"product_tag-exterior-prishtine","19":"product_tag-fasada","20":"product_tag-fasada-prishtine","21":"product_tag-ide-per-ngjyra-te-shtepise","22":"product_tag-interior","23":"product_tag-interior-prishtine","24":"product_tag-kraft","25":"product_tag-master-easy-clean","26":"product_tag-mati-1","27":"product_tag-mbrojtje-e-drurit","28":"product_tag-mbrojtje-metalike","29":"product_tag-metal-protection","30":"product_tag-muharrem-fejza","31":"product_tag-ngjyra","32":"product_tag-ngjyra-dekorative","33":"product_tag-ngjyra-dekorative-prishtine","34":"product_tag-ngjyra-ne-prishtine","35":"product_tag-ngjyra-per-metal","36":"product_tag-ngjyra-per-muri","37":"product_tag-ngjyra-per-shpi","38":"product_tag-ngjyra-qetesuese-per-shtepi","39":"product_tag-ngjyrat-me-te-bukura-per-shtepi","40":"product_tag-ngjyre-per-dru-ne-prishtin","41":"product_tag-paisje-per-izolim","42":"product_tag-paisje-per-pune","43":"product_tag-prishtina","44":"product_tag-prishtine","45":"product_tag-regina","46":"product_tag-val-color","47":"product_tag-valak","48":"product_tag-valdet","49":"product_tag-vegla-per-pune","50":"product_tag-wood-protection","52":"first","53":"instock","54":"shipping-taxable","55":"product-type-simple"},"_links":{"self":[{"href":"https:\/\/exclusivecolor.net\/en\/wp-json\/wp\/v2\/product\/267","targetHints":{"allow":["GET"]}}],"collection":[{"href":"https:\/\/exclusivecolor.net\/en\/wp-json\/wp\/v2\/product"}],"about":[{"href":"https:\/\/exclusivecolor.net\/en\/wp-json\/wp\/v2\/types\/product"}],"wp:featuredmedia":[{"embeddable":true,"href":"https:\/\/exclusivecolor.net\/en\/wp-json\/wp\/v2\/media\/1562"}],"wp:attachment":[{"href":"https:\/\/exclusivecolor.net\/en\/wp-json\/wp\/v2\/media?parent=267"}],"wp:term":[{"taxonomy":"product_brand","embeddable":true,"href":"https:\/\/exclusivecolor.net\/en\/wp-json\/wp\/v2\/product_brand?post=267"},{"taxonomy":"product_cat","embeddable":true,"href":"https:\/\/exclusivecolor.net\/en\/wp-json\/wp\/v2\/product_cat?post=267"},{"taxonomy":"product_tag","embeddable":true,"href":"https:\/\/exclusivecolor.net\/en\/wp-json\/wp\/v2\/product_tag?post=267"}],"curies":[{"name":"wp","href":"https:\/\/api.w.org\/{rel}","templated":true}]}}