{"id":1861,"date":"2021-11-23T09:34:10","date_gmt":"2021-11-23T09:34:10","guid":{"rendered":"https:\/\/excluzivecolor.albisoft.dev\/?post_type=product&#038;p=1861"},"modified":"2022-08-03T11:38:49","modified_gmt":"2022-08-03T11:38:49","slug":"stucco-veneziano","status":"publish","type":"product","link":"https:\/\/exclusivecolor.net\/en\/product\/stucco-veneziano\/","title":{"rendered":"Stucco Veneziano"},"content":{"rendered":"","protected":false},"excerpt":{"rendered":"<p>Shtres\u00eb p\u00ebr veshje elegante t\u00eb mureve, ideale p\u00ebr rikrijimin e ambienteve fisnike t\u00eb frym\u00ebzuara nga pallatet e lashta t\u00eb aristokrat\u00ebve venecian\u00eb. Si p\u00ebrpar\u00ebsi e Stucco Veneziano \u00ebsht\u00eb edhe Gama jasht\u00ebzakonisht e gjer\u00eb e nuancave (ngjyrave), duke filluar nga pastel delikate deri tek nuancat intensive dhe t\u00eb err\u00ebta, ofron zgjidhje dinamike p\u00ebr t\u00eb gjitha hap\u00ebsirat, moderne apo klasike.<br \/>\n<strong><img decoding=\"async\" class=\"alignnone wp-image-3651\" src=\"https:\/\/exclusivecolor.net\/wp-content\/uploads\/2021\/12\/Paisjet.png\" alt=\"\" width=\"21\" height=\"26\" srcset=\"https:\/\/exclusivecolor.net\/wp-content\/uploads\/2021\/12\/Paisjet.png 55w, https:\/\/exclusivecolor.net\/wp-content\/uploads\/2021\/12\/Paisjet-10x12.png 10w\" sizes=\"(max-width: 21px) 100vw, 21px\" \/>Application equipment: <\/strong>steel trowel for leveling the base<br \/>\n<strong><img decoding=\"async\" class=\"alignnone wp-image-3649\" src=\"https:\/\/exclusivecolor.net\/wp-content\/uploads\/2021\/12\/Mbulushmeria.png\" alt=\"\" width=\"21\" height=\"24\" srcset=\"https:\/\/exclusivecolor.net\/wp-content\/uploads\/2021\/12\/Mbulushmeria.png 53w, https:\/\/exclusivecolor.net\/wp-content\/uploads\/2021\/12\/Mbulushmeria-11x12.png 11w\" sizes=\"(max-width: 21px) 100vw, 21px\" \/>Coverage: <\/strong>12-14 kg \/ m\u00b2 in plaster, 0.4-0.6 kg \/ m\u00b2 smooth<br \/>\n<strong><img decoding=\"async\" class=\"alignnone wp-image-3650\" src=\"https:\/\/exclusivecolor.net\/wp-content\/uploads\/2021\/12\/Shtresat.png\" alt=\"\" width=\"21\" height=\"19\" srcset=\"https:\/\/exclusivecolor.net\/wp-content\/uploads\/2021\/12\/Shtresat.png 55w, https:\/\/exclusivecolor.net\/wp-content\/uploads\/2021\/12\/Shtresat-13x12.png 13w\" sizes=\"(max-width: 21px) 100vw, 21px\" \/> Layers: <\/strong>2 Base surface + 1 finished layer<br \/>\n<strong><img loading=\"lazy\" decoding=\"async\" class=\"wp-image-3647 alignnone\" src=\"https:\/\/exclusivecolor.net\/wp-content\/uploads\/2021\/12\/Hollimi.png\" alt=\"\" width=\"21\" height=\"29\" \/>Thinning: <\/strong><em>water<\/em><br \/>\n<strong><img loading=\"lazy\" decoding=\"async\" class=\"alignnone wp-image-3702\" src=\"https:\/\/exclusivecolor.net\/wp-content\/uploads\/2021\/12\/holl.png\" alt=\"\" width=\"17\" height=\"23\" srcset=\"https:\/\/exclusivecolor.net\/wp-content\/uploads\/2021\/12\/holl.png 46w, https:\/\/exclusivecolor.net\/wp-content\/uploads\/2021\/12\/holl-9x12.png 9w\" sizes=\"(max-width: 17px) 100vw, 17px\" \/>Hollim p\u00ebr aplikim me fur\u00e7\u00eb: i <\/strong>gatshem p\u00ebr p\u00ebrdorim<br \/>\n<img loading=\"lazy\" decoding=\"async\" class=\"alignnone wp-image-4561\" src=\"https:\/\/exclusivecolor.net\/wp-content\/uploads\/2021\/11\/download.png\" alt=\"download\" width=\"21\" height=\"21\" srcset=\"https:\/\/exclusivecolor.net\/wp-content\/uploads\/2021\/11\/download.png 225w, https:\/\/exclusivecolor.net\/wp-content\/uploads\/2021\/11\/download-100x100.png 100w, https:\/\/exclusivecolor.net\/wp-content\/uploads\/2021\/11\/download-150x150.png 150w, https:\/\/exclusivecolor.net\/wp-content\/uploads\/2021\/11\/download-12x12.png 12w\" sizes=\"(max-width: 21px) 100vw, 21px\" \/><strong><a style=\"color: #888888;\" href=\"https:\/\/exclusivecolor.net\/wp-content\/uploads\/2021\/11\/Katalog.pdf\">Catalog<\/a><\/strong><\/p>","protected":false},"featured_media":1862,"template":"","meta":[],"product_brand":[],"product_cat":[40],"product_tag":[53,49,57,108,69,44,110,70,103,104,71,101,54,55,92,85,86,72,107,93,102,56,73,75,74,97,94,90,91,99,81,109,95,96,78,89,100,80,105,106,87,84,82,58,79,42,76,59,88,45,83,98],"class_list":{"0":"post-1861","1":"product","2":"type-product","3":"status-publish","4":"has-post-thumbnail","6":"product_cat-dekorative","7":"product_tag-albisoft","8":"product_tag-best","9":"product_tag-bestseller","10":"product_tag-bojera-dhe-ngjyra","11":"product_tag-cadoro","12":"product_tag-color","13":"product_tag-color-pristina","14":"product_tag-decok-global-spray","15":"product_tag-decorative-color","16":"product_tag-decorative-color-pristina","17":"product_tag-decorfilm","18":"product_tag-dekorative","19":"product_tag-exclusive","20":"product_tag-excluzive","21":"product_tag-exterior-prishtine","22":"product_tag-fasada","23":"product_tag-fasada-prishtine","24":"product_tag-fenice","25":"product_tag-ide-per-ngjyra-te-shtepise","26":"product_tag-interior","27":"product_tag-interior-prishtine","28":"product_tag-kraft","29":"product_tag-lunanuova","30":"product_tag-marcopolo","31":"product_tag-marcopolo-luxury","32":"product_tag-master-easy-clean","33":"product_tag-mati-1","34":"product_tag-mbrojtje-e-drurit","35":"product_tag-mbrojtje-metalike","36":"product_tag-metal-protection","37":"product_tag-muharrem-fejza","38":"product_tag-ngjyra","39":"product_tag-ngjyra-dekorative","40":"product_tag-ngjyra-dekorative-prishtine","41":"product_tag-ngjyra-ne-prishtine","42":"product_tag-ngjyra-per-metal","43":"product_tag-ngjyra-per-muri","44":"product_tag-ngjyra-per-shpi","45":"product_tag-ngjyra-qetesuese-per-shtepi","46":"product_tag-ngjyrat-me-te-bukura-per-shtepi","47":"product_tag-ngjyre-per-dru-ne-prishtin","48":"product_tag-paisje-per-izolim","49":"product_tag-paisje-per-pune","50":"product_tag-prishtina","51":"product_tag-prishtine","52":"product_tag-regina","53":"product_tag-stucco-veneziano","54":"product_tag-val-color","55":"product_tag-valak","56":"product_tag-valdet","57":"product_tag-vegla-per-pune","58":"product_tag-wood-protection","60":"first","61":"instock","62":"shipping-taxable","63":"product-type-simple"},"_links":{"self":[{"href":"https:\/\/exclusivecolor.net\/en\/wp-json\/wp\/v2\/product\/1861","targetHints":{"allow":["GET"]}}],"collection":[{"href":"https:\/\/exclusivecolor.net\/en\/wp-json\/wp\/v2\/product"}],"about":[{"href":"https:\/\/exclusivecolor.net\/en\/wp-json\/wp\/v2\/types\/product"}],"wp:featuredmedia":[{"embeddable":true,"href":"https:\/\/exclusivecolor.net\/en\/wp-json\/wp\/v2\/media\/1862"}],"wp:attachment":[{"href":"https:\/\/exclusivecolor.net\/en\/wp-json\/wp\/v2\/media?parent=1861"}],"wp:term":[{"taxonomy":"product_brand","embeddable":true,"href":"https:\/\/exclusivecolor.net\/en\/wp-json\/wp\/v2\/product_brand?post=1861"},{"taxonomy":"product_cat","embeddable":true,"href":"https:\/\/exclusivecolor.net\/en\/wp-json\/wp\/v2\/product_cat?post=1861"},{"taxonomy":"product_tag","embeddable":true,"href":"https:\/\/exclusivecolor.net\/en\/wp-json\/wp\/v2\/product_tag?post=1861"}],"curies":[{"name":"wp","href":"https:\/\/api.w.org\/{rel}","templated":true}]}}