{"id":1850,"date":"2021-11-23T09:20:26","date_gmt":"2021-11-23T09:20:26","guid":{"rendered":"https:\/\/excluzivecolor.albisoft.dev\/?post_type=product&#038;p=1850"},"modified":"2022-08-03T11:47:47","modified_gmt":"2022-08-03T11:47:47","slug":"fenice","status":"publish","type":"product","link":"https:\/\/exclusivecolor.net\/en\/product\/fenice\/","title":{"rendered":"Fenice"},"content":{"rendered":"","protected":false},"excerpt":{"rendered":"<p>FENICE \u00ebsht\u00eb rilindja e klasikes, e rikrijuar n\u00eb nj\u00eb version modern. Shkatht\u00ebsia e tij dhe leht\u00ebsia e pun\u00ebs lejojn\u00eb t\u00eb p\u00ebrfitohen efekte klasike dhe t\u00eb modernes, gjithashtu me ngjyra t\u00eb forta. Ofron frym\u00ebmarrje t\u00eb lart\u00eb, karakteristik\u00eb e produkteve minerale natyrale.<br \/>\n<strong><img loading=\"lazy\" decoding=\"async\" class=\"alignnone wp-image-3651\" src=\"https:\/\/exclusivecolor.net\/wp-content\/uploads\/2021\/12\/Paisjet.png\" alt=\"\" width=\"20\" height=\"25\" srcset=\"https:\/\/exclusivecolor.net\/wp-content\/uploads\/2021\/12\/Paisjet.png 55w, https:\/\/exclusivecolor.net\/wp-content\/uploads\/2021\/12\/Paisjet-10x12.png 10w\" sizes=\"auto, (max-width: 20px) 100vw, 20px\" \/> Application equipment: <\/strong>stainless steel<br \/>\n<strong><img loading=\"lazy\" decoding=\"async\" class=\"alignnone wp-image-3649\" src=\"https:\/\/exclusivecolor.net\/wp-content\/uploads\/2021\/12\/Mbulushmeria.png\" alt=\"\" width=\"21\" height=\"24\" srcset=\"https:\/\/exclusivecolor.net\/wp-content\/uploads\/2021\/12\/Mbulushmeria.png 53w, https:\/\/exclusivecolor.net\/wp-content\/uploads\/2021\/12\/Mbulushmeria-11x12.png 11w\" sizes=\"auto, (max-width: 21px) 100vw, 21px\" \/>Coverage: <\/strong>08-1m\u00b2 \/ kg with 2 layers<br \/>\n<strong><img loading=\"lazy\" decoding=\"async\" class=\"alignnone wp-image-3650\" src=\"https:\/\/exclusivecolor.net\/wp-content\/uploads\/2021\/12\/Shtresat.png\" alt=\"\" width=\"21\" height=\"19\" srcset=\"https:\/\/exclusivecolor.net\/wp-content\/uploads\/2021\/12\/Shtresat.png 55w, https:\/\/exclusivecolor.net\/wp-content\/uploads\/2021\/12\/Shtresat-13x12.png 13w\" sizes=\"auto, (max-width: 21px) 100vw, 21px\" \/> Layers:<\/strong> 2<br \/>\n<strong><img loading=\"lazy\" decoding=\"async\" class=\"alignnone wp-image-3702\" src=\"https:\/\/exclusivecolor.net\/wp-content\/uploads\/2021\/12\/holl.png\" alt=\"holl\" width=\"20\" height=\"27\" srcset=\"https:\/\/exclusivecolor.net\/wp-content\/uploads\/2021\/12\/holl.png 46w, https:\/\/exclusivecolor.net\/wp-content\/uploads\/2021\/12\/holl-9x12.png 9w\" sizes=\"auto, (max-width: 20px) 100vw, 20px\" \/>Application slim: <\/strong>water<br \/>\n<strong><img loading=\"lazy\" decoding=\"async\" class=\"alignnone wp-image-3707\" src=\"https:\/\/exclusivecolor.net\/wp-content\/uploads\/2021\/12\/misteri.png\" alt=\"misteri\" width=\"20\" height=\"18\" srcset=\"https:\/\/exclusivecolor.net\/wp-content\/uploads\/2021\/12\/misteri.png 50w, https:\/\/exclusivecolor.net\/wp-content\/uploads\/2021\/12\/misteri-14x12.png 14w\" sizes=\"auto, (max-width: 20px) 100vw, 20px\" \/>Hollim p\u00ebr aplikim me mistri katror: i <\/strong>gatshem p\u00ebr perdorim<br \/>\n<img loading=\"lazy\" decoding=\"async\" class=\"alignnone wp-image-4561\" src=\"https:\/\/exclusivecolor.net\/wp-content\/uploads\/2021\/11\/download.png\" alt=\"download\" width=\"21\" height=\"21\" srcset=\"https:\/\/exclusivecolor.net\/wp-content\/uploads\/2021\/11\/download.png 225w, https:\/\/exclusivecolor.net\/wp-content\/uploads\/2021\/11\/download-100x100.png 100w, https:\/\/exclusivecolor.net\/wp-content\/uploads\/2021\/11\/download-150x150.png 150w, https:\/\/exclusivecolor.net\/wp-content\/uploads\/2021\/11\/download-12x12.png 12w\" sizes=\"auto, (max-width: 21px) 100vw, 21px\" \/><strong><a style=\"color: #888888;\" href=\"https:\/\/exclusivecolor.net\/wp-content\/uploads\/2021\/11\/Katalog.pdf\">Catalog<\/a><\/strong><\/p>","protected":false},"featured_media":1851,"template":"","meta":[],"product_brand":[],"product_cat":[40],"product_tag":[53,49,57,108,69,44,110,70,103,104,71,101,54,55,92,85,86,72,107,93,102,56,97,94,90,91,99,81,109,95,96,78,89,100,80,105,106,87,84,82,58,79,42,59,88,45,83,98],"class_list":{"0":"post-1850","1":"product","2":"type-product","3":"status-publish","4":"has-post-thumbnail","6":"product_cat-dekorative","7":"product_tag-albisoft","8":"product_tag-best","9":"product_tag-bestseller","10":"product_tag-bojera-dhe-ngjyra","11":"product_tag-cadoro","12":"product_tag-color","13":"product_tag-color-pristina","14":"product_tag-decok-global-spray","15":"product_tag-decorative-color","16":"product_tag-decorative-color-pristina","17":"product_tag-decorfilm","18":"product_tag-dekorative","19":"product_tag-exclusive","20":"product_tag-excluzive","21":"product_tag-exterior-prishtine","22":"product_tag-fasada","23":"product_tag-fasada-prishtine","24":"product_tag-fenice","25":"product_tag-ide-per-ngjyra-te-shtepise","26":"product_tag-interior","27":"product_tag-interior-prishtine","28":"product_tag-kraft","29":"product_tag-master-easy-clean","30":"product_tag-mati-1","31":"product_tag-mbrojtje-e-drurit","32":"product_tag-mbrojtje-metalike","33":"product_tag-metal-protection","34":"product_tag-muharrem-fejza","35":"product_tag-ngjyra","36":"product_tag-ngjyra-dekorative","37":"product_tag-ngjyra-dekorative-prishtine","38":"product_tag-ngjyra-ne-prishtine","39":"product_tag-ngjyra-per-metal","40":"product_tag-ngjyra-per-muri","41":"product_tag-ngjyra-per-shpi","42":"product_tag-ngjyra-qetesuese-per-shtepi","43":"product_tag-ngjyrat-me-te-bukura-per-shtepi","44":"product_tag-ngjyre-per-dru-ne-prishtin","45":"product_tag-paisje-per-izolim","46":"product_tag-paisje-per-pune","47":"product_tag-prishtina","48":"product_tag-prishtine","49":"product_tag-regina","50":"product_tag-val-color","51":"product_tag-valak","52":"product_tag-valdet","53":"product_tag-vegla-per-pune","54":"product_tag-wood-protection","56":"first","57":"instock","58":"shipping-taxable","59":"product-type-simple"},"_links":{"self":[{"href":"https:\/\/exclusivecolor.net\/en\/wp-json\/wp\/v2\/product\/1850","targetHints":{"allow":["GET"]}}],"collection":[{"href":"https:\/\/exclusivecolor.net\/en\/wp-json\/wp\/v2\/product"}],"about":[{"href":"https:\/\/exclusivecolor.net\/en\/wp-json\/wp\/v2\/types\/product"}],"wp:featuredmedia":[{"embeddable":true,"href":"https:\/\/exclusivecolor.net\/en\/wp-json\/wp\/v2\/media\/1851"}],"wp:attachment":[{"href":"https:\/\/exclusivecolor.net\/en\/wp-json\/wp\/v2\/media?parent=1850"}],"wp:term":[{"taxonomy":"product_brand","embeddable":true,"href":"https:\/\/exclusivecolor.net\/en\/wp-json\/wp\/v2\/product_brand?post=1850"},{"taxonomy":"product_cat","embeddable":true,"href":"https:\/\/exclusivecolor.net\/en\/wp-json\/wp\/v2\/product_cat?post=1850"},{"taxonomy":"product_tag","embeddable":true,"href":"https:\/\/exclusivecolor.net\/en\/wp-json\/wp\/v2\/product_tag?post=1850"}],"curies":[{"name":"wp","href":"https:\/\/api.w.org\/{rel}","templated":true}]}}