{"id":1839,"date":"2021-11-23T08:35:13","date_gmt":"2021-11-23T08:35:13","guid":{"rendered":"https:\/\/excluzivecolor.albisoft.dev\/?post_type=product&#038;p=1839"},"modified":"2022-08-03T11:53:59","modified_gmt":"2022-08-03T11:53:59","slug":"cadoro","status":"publish","type":"product","link":"https:\/\/exclusivecolor.net\/en\/product\/cadoro\/","title":{"rendered":"Cadoro"},"content":{"rendered":"","protected":false},"excerpt":{"rendered":"<p>Krijon pamje te leht\u00eb, t\u00eb m\u00ebndafshta n\u00eb prekje. Gama e gjer\u00eb e nuancave mund\u00ebson kombinime t\u00eb pafundme nuancash me mund\u00ebsi p\u00ebr t\u00eb rikrijuar dhe zbukuruar \u00e7do mjedis. CADORO aplikohet n\u00eb nj\u00eb sip\u00ebrfaqe t\u00eb that\u00eb, dhe t\u00eb lyer m\u00eb par\u00eb me Astarin DECORFOND.<br \/>\n<strong> <img loading=\"lazy\" decoding=\"async\" class=\"alignnone wp-image-3651\" src=\"https:\/\/exclusivecolor.net\/wp-content\/uploads\/2021\/12\/Paisjet.png\" alt=\"\" width=\"21\" height=\"26\" srcset=\"https:\/\/exclusivecolor.net\/wp-content\/uploads\/2021\/12\/Paisjet.png 55w, https:\/\/exclusivecolor.net\/wp-content\/uploads\/2021\/12\/Paisjet-10x12.png 10w\" sizes=\"auto, (max-width: 21px) 100vw, 21px\" \/>Application equipment: <\/strong>brush, stainless steel or plastic trowel<strong>\u00a0\u00a0\u00a0\u00a0\u00a0 <\/strong><br \/>\n<strong> <img loading=\"lazy\" decoding=\"async\" class=\"alignnone wp-image-3649\" src=\"https:\/\/exclusivecolor.net\/wp-content\/uploads\/2021\/12\/Mbulushmeria.png\" alt=\"\" width=\"21\" height=\"24\" srcset=\"https:\/\/exclusivecolor.net\/wp-content\/uploads\/2021\/12\/Mbulushmeria.png 53w, https:\/\/exclusivecolor.net\/wp-content\/uploads\/2021\/12\/Mbulushmeria-11x12.png 11w\" sizes=\"auto, (max-width: 21px) 100vw, 21px\" \/>Coverage: <\/strong>4-6 m\u00b2 \/ l with 2 layers<br \/>\n<strong> <img loading=\"lazy\" decoding=\"async\" class=\"alignnone wp-image-3650\" src=\"https:\/\/exclusivecolor.net\/wp-content\/uploads\/2021\/12\/Shtresat.png\" alt=\"\" width=\"21\" height=\"19\" srcset=\"https:\/\/exclusivecolor.net\/wp-content\/uploads\/2021\/12\/Shtresat.png 55w, https:\/\/exclusivecolor.net\/wp-content\/uploads\/2021\/12\/Shtresat-13x12.png 13w\" sizes=\"auto, (max-width: 21px) 100vw, 21px\" \/>Layers: 2<\/strong><br \/>\n<strong><img loading=\"lazy\" decoding=\"async\" class=\"alignnone wp-image-3647\" src=\"https:\/\/exclusivecolor.net\/wp-content\/uploads\/2021\/12\/Hollimi-e1639399119490.png\" alt=\"Hollimi\" width=\"15\" height=\"31\" \/>Hollim p\u00ebr aplikim me fur\u00e7\u00eb: i <\/strong>gatsh\u00ebm p\u00ebr p\u00ebrdorim<br \/>\n<strong><img loading=\"lazy\" decoding=\"async\" class=\"alignnone wp-image-3707\" src=\"https:\/\/exclusivecolor.net\/wp-content\/uploads\/2021\/12\/misteri.png\" alt=\"misteri\" width=\"20\" height=\"18\" srcset=\"https:\/\/exclusivecolor.net\/wp-content\/uploads\/2021\/12\/misteri.png 50w, https:\/\/exclusivecolor.net\/wp-content\/uploads\/2021\/12\/misteri-14x12.png 14w\" sizes=\"auto, (max-width: 20px) 100vw, 20px\" \/>Dilution for application with a square trowel: <\/strong>ready to use<br \/>\n<img loading=\"lazy\" decoding=\"async\" class=\"alignnone wp-image-4561\" src=\"https:\/\/exclusivecolor.net\/wp-content\/uploads\/2021\/11\/download.png\" alt=\"download\" width=\"21\" height=\"21\" srcset=\"https:\/\/exclusivecolor.net\/wp-content\/uploads\/2021\/11\/download.png 225w, https:\/\/exclusivecolor.net\/wp-content\/uploads\/2021\/11\/download-100x100.png 100w, https:\/\/exclusivecolor.net\/wp-content\/uploads\/2021\/11\/download-150x150.png 150w, https:\/\/exclusivecolor.net\/wp-content\/uploads\/2021\/11\/download-12x12.png 12w\" sizes=\"auto, (max-width: 21px) 100vw, 21px\" \/><strong><a style=\"color: #888888;\" href=\"https:\/\/exclusivecolor.net\/wp-content\/uploads\/2021\/11\/Katalog.pdf\">Catalog<\/a><\/strong><\/p>","protected":false},"featured_media":1840,"template":"","meta":[],"product_brand":[],"product_cat":[40],"product_tag":[53,49,57,108,69,44,110,103,104,101,54,55,92,85,86,107,93,102,56,97,94,90,91,99,81,109,95,96,78,89,100,80,105,106,87,84,82,58,79,42,59,88,45,83,98],"class_list":{"0":"post-1839","1":"product","2":"type-product","3":"status-publish","4":"has-post-thumbnail","6":"product_cat-dekorative","7":"product_tag-albisoft","8":"product_tag-best","9":"product_tag-bestseller","10":"product_tag-bojera-dhe-ngjyra","11":"product_tag-cadoro","12":"product_tag-color","13":"product_tag-color-pristina","14":"product_tag-decorative-color","15":"product_tag-decorative-color-pristina","16":"product_tag-dekorative","17":"product_tag-exclusive","18":"product_tag-excluzive","19":"product_tag-exterior-prishtine","20":"product_tag-fasada","21":"product_tag-fasada-prishtine","22":"product_tag-ide-per-ngjyra-te-shtepise","23":"product_tag-interior","24":"product_tag-interior-prishtine","25":"product_tag-kraft","26":"product_tag-master-easy-clean","27":"product_tag-mati-1","28":"product_tag-mbrojtje-e-drurit","29":"product_tag-mbrojtje-metalike","30":"product_tag-metal-protection","31":"product_tag-muharrem-fejza","32":"product_tag-ngjyra","33":"product_tag-ngjyra-dekorative","34":"product_tag-ngjyra-dekorative-prishtine","35":"product_tag-ngjyra-ne-prishtine","36":"product_tag-ngjyra-per-metal","37":"product_tag-ngjyra-per-muri","38":"product_tag-ngjyra-per-shpi","39":"product_tag-ngjyra-qetesuese-per-shtepi","40":"product_tag-ngjyrat-me-te-bukura-per-shtepi","41":"product_tag-ngjyre-per-dru-ne-prishtin","42":"product_tag-paisje-per-izolim","43":"product_tag-paisje-per-pune","44":"product_tag-prishtina","45":"product_tag-prishtine","46":"product_tag-regina","47":"product_tag-val-color","48":"product_tag-valak","49":"product_tag-valdet","50":"product_tag-vegla-per-pune","51":"product_tag-wood-protection","53":"first","54":"instock","55":"shipping-taxable","56":"product-type-simple"},"_links":{"self":[{"href":"https:\/\/exclusivecolor.net\/en\/wp-json\/wp\/v2\/product\/1839","targetHints":{"allow":["GET"]}}],"collection":[{"href":"https:\/\/exclusivecolor.net\/en\/wp-json\/wp\/v2\/product"}],"about":[{"href":"https:\/\/exclusivecolor.net\/en\/wp-json\/wp\/v2\/types\/product"}],"wp:featuredmedia":[{"embeddable":true,"href":"https:\/\/exclusivecolor.net\/en\/wp-json\/wp\/v2\/media\/1840"}],"wp:attachment":[{"href":"https:\/\/exclusivecolor.net\/en\/wp-json\/wp\/v2\/media?parent=1839"}],"wp:term":[{"taxonomy":"product_brand","embeddable":true,"href":"https:\/\/exclusivecolor.net\/en\/wp-json\/wp\/v2\/product_brand?post=1839"},{"taxonomy":"product_cat","embeddable":true,"href":"https:\/\/exclusivecolor.net\/en\/wp-json\/wp\/v2\/product_cat?post=1839"},{"taxonomy":"product_tag","embeddable":true,"href":"https:\/\/exclusivecolor.net\/en\/wp-json\/wp\/v2\/product_tag?post=1839"}],"curies":[{"name":"wp","href":"https:\/\/api.w.org\/{rel}","templated":true}]}}