{"id":5542,"date":"2025-06-11T17:00:15","date_gmt":"2025-06-11T15:00:15","guid":{"rendered":"https:\/\/exclusivecolor.net\/?page_id=5542"},"modified":"2025-06-11T18:37:57","modified_gmt":"2025-06-11T16:37:57","slug":"homepage","status":"publish","type":"page","link":"https:\/\/exclusivecolor.net\/en\/","title":{"rendered":"Homepage"},"content":{"rendered":"<h2>Ne kemi p\u00ebrvoj\u00eb p\u00ebr t&#8217;ju ndihmuar <br \/> p\u00ebr ngjyrat tuaja!<\/h2>\n<h2>Some of our products<\/h2>\n<h2><\/h2>\n<ul>\n<li>\n\t<a href=\"https:\/\/exclusivecolor.net\/product\/stucco-veneziano\/\"><img loading=\"lazy\" decoding=\"async\" width=\"314\" height=\"303\" src=\"https:\/\/exclusivecolor.net\/wp-content\/uploads\/2021\/11\/Stuco-Veneciano-e1637762781696.png\" alt=\"Stucco Veneziano\" \/>Decorative<\/p>\n<h2>Stucco Veneziano<\/h2>\n<p><\/a><a href=\"https:\/\/exclusivecolor.net\/product\/stucco-veneziano\/\" aria-describedby=\"woocommerce_loop_add_to_cart_link_describedby_1861\" data-quantity=\"1\" data-product_id=\"1861\" data-product_sku=\"\" aria-label=\"Read more about &ldquo;Stucco Veneziano&rdquo;\" rel=\"nofollow\" data-success_message=\"\">Read more<\/a>\n<\/li>\n<li>\n\t<a href=\"https:\/\/exclusivecolor.net\/product\/fenice\/\"><img loading=\"lazy\" decoding=\"async\" width=\"310\" height=\"303\" src=\"https:\/\/exclusivecolor.net\/wp-content\/uploads\/2021\/11\/Fenice-e1637762956786.png\" alt=\"Fenice\" \/>Decorative<\/p>\n<h2>Fenice<\/h2>\n<p><\/a><a href=\"https:\/\/exclusivecolor.net\/product\/fenice\/\" aria-describedby=\"woocommerce_loop_add_to_cart_link_describedby_1850\" data-quantity=\"1\" data-product_id=\"1850\" data-product_sku=\"\" aria-label=\"Read more about &ldquo;Fenice&rdquo;\" rel=\"nofollow\" data-success_message=\"\">Read more<\/a>\n<\/li>\n<li>\n\t<a href=\"https:\/\/exclusivecolor.net\/product\/cadoro\/\"><img loading=\"lazy\" decoding=\"async\" width=\"310\" height=\"300\" src=\"https:\/\/exclusivecolor.net\/wp-content\/uploads\/2021\/11\/Cadoro-e1659519797772.png\" alt=\"Cadoro\" \/>Decorative<\/p>\n<h2>Cadoro<\/h2>\n<p><\/a><a href=\"https:\/\/exclusivecolor.net\/product\/cadoro\/\" aria-describedby=\"woocommerce_loop_add_to_cart_link_describedby_1839\" data-quantity=\"1\" data-product_id=\"1839\" data-product_sku=\"\" aria-label=\"Read more about &ldquo;Cadoro&rdquo;\" rel=\"nofollow\" data-success_message=\"\">Read more<\/a>\n<\/li>\n<li>\n\t<a href=\"https:\/\/exclusivecolor.net\/product\/urbano\/\"><img loading=\"lazy\" decoding=\"async\" width=\"276\" height=\"266\" src=\"https:\/\/exclusivecolor.net\/wp-content\/uploads\/2020\/10\/Urbano-e1637764151120.png\" alt=\"Urbano\" \/>Interior<\/p>\n<h2>Urbano<\/h2>\n<p><\/a><a href=\"https:\/\/exclusivecolor.net\/product\/urbano\/\" aria-describedby=\"woocommerce_loop_add_to_cart_link_describedby_267\" data-quantity=\"1\" data-product_id=\"267\" data-product_sku=\"\" aria-label=\"Read more about &ldquo;Urbano&rdquo;\" rel=\"nofollow\" data-success_message=\"\">Read more<\/a>\n<\/li>\n<\/ul>\n<h2><\/h2>\n<ul>\n<li>\n\t<a href=\"https:\/\/exclusivecolor.net\/product\/stucco-veneziano\/\"><img loading=\"lazy\" decoding=\"async\" width=\"314\" height=\"303\" src=\"https:\/\/exclusivecolor.net\/wp-content\/uploads\/2021\/11\/Stuco-Veneciano-e1637762781696.png\" alt=\"Stucco Veneziano\" \/>Decorative<\/p>\n<h2>Stucco Veneziano<\/h2>\n<p><\/a><a href=\"https:\/\/exclusivecolor.net\/product\/stucco-veneziano\/\" aria-describedby=\"woocommerce_loop_add_to_cart_link_describedby_1861\" data-quantity=\"1\" data-product_id=\"1861\" data-product_sku=\"\" aria-label=\"Read more about &ldquo;Stucco Veneziano&rdquo;\" rel=\"nofollow\" data-success_message=\"\">Read more<\/a>\n<\/li>\n<li>\n\t<a href=\"https:\/\/exclusivecolor.net\/product\/fenice\/\"><img loading=\"lazy\" decoding=\"async\" width=\"310\" height=\"303\" src=\"https:\/\/exclusivecolor.net\/wp-content\/uploads\/2021\/11\/Fenice-e1637762956786.png\" alt=\"Fenice\" \/>Decorative<\/p>\n<h2>Fenice<\/h2>\n<p><\/a><a href=\"https:\/\/exclusivecolor.net\/product\/fenice\/\" aria-describedby=\"woocommerce_loop_add_to_cart_link_describedby_1850\" data-quantity=\"1\" data-product_id=\"1850\" data-product_sku=\"\" aria-label=\"Read more about &ldquo;Fenice&rdquo;\" rel=\"nofollow\" data-success_message=\"\">Read more<\/a>\n<\/li>\n<li>\n\t<a href=\"https:\/\/exclusivecolor.net\/product\/cadoro\/\"><img loading=\"lazy\" decoding=\"async\" width=\"310\" height=\"300\" src=\"https:\/\/exclusivecolor.net\/wp-content\/uploads\/2021\/11\/Cadoro-e1659519797772.png\" alt=\"Cadoro\" \/>Decorative<\/p>\n<h2>Cadoro<\/h2>\n<p><\/a><a href=\"https:\/\/exclusivecolor.net\/product\/cadoro\/\" aria-describedby=\"woocommerce_loop_add_to_cart_link_describedby_1839\" data-quantity=\"1\" data-product_id=\"1839\" data-product_sku=\"\" aria-label=\"Read more about &ldquo;Cadoro&rdquo;\" rel=\"nofollow\" data-success_message=\"\">Read more<\/a>\n<\/li>\n<li>\n\t<a href=\"https:\/\/exclusivecolor.net\/product\/urbano\/\"><img loading=\"lazy\" decoding=\"async\" width=\"276\" height=\"266\" src=\"https:\/\/exclusivecolor.net\/wp-content\/uploads\/2020\/10\/Urbano-e1637764151120.png\" alt=\"Urbano\" \/>Interior<\/p>\n<h2>Urbano<\/h2>\n<p><\/a><a href=\"https:\/\/exclusivecolor.net\/product\/urbano\/\" aria-describedby=\"woocommerce_loop_add_to_cart_link_describedby_267\" data-quantity=\"1\" data-product_id=\"267\" data-product_sku=\"\" aria-label=\"Read more about &ldquo;Urbano&rdquo;\" rel=\"nofollow\" data-success_message=\"\">Read more<\/a>\n<\/li>\n<\/ul>\n<h2>Do you have a project?<\/h2>\n<p>\t\tN\u00eb qoft\u00eb se keni nj\u00eb projekt n\u00eb mendje, eja te Exclusive Color<br \/>\n ta realizojme s\u00eb bashku.<br \/>\n\t\t\t\t\t<a href=\"https:\/\/exclusivecolor.net\/contact\/\"><br \/>\n\t\t\t\t\t\t\t\t\t<b>Contact us <\/b><br \/>\n\t\t\t\t\t<\/a><\/p>","protected":false},"excerpt":{"rendered":"<p>Ne kemi p\u00ebrvoj\u00eb p\u00ebr t&#8217;ju ndihmuar p\u00ebr ngjyrat tuaja! Shiko produktet tona Dekorative Stucco Veneziano Read more Dekorative Fenice Read more Dekorative Cadoro Read more Interior Urbano Read more Dekorative Stucco Veneziano Read more Dekorative Fenice Read more Dekorative Cadoro Read more Interior Urbano Read more A keni ndonj\u00eb projekt? N\u00eb qoft\u00eb se keni nj\u00eb [&hellip;]<\/p>\n","protected":false},"author":12,"featured_media":0,"parent":0,"menu_order":0,"comment_status":"closed","ping_status":"closed","template":"full-width.php","meta":{"footnotes":""},"class_list":["post-5542","page","type-page","status-publish","hentry"],"_links":{"self":[{"href":"https:\/\/exclusivecolor.net\/en\/wp-json\/wp\/v2\/pages\/5542","targetHints":{"allow":["GET"]}}],"collection":[{"href":"https:\/\/exclusivecolor.net\/en\/wp-json\/wp\/v2\/pages"}],"about":[{"href":"https:\/\/exclusivecolor.net\/en\/wp-json\/wp\/v2\/types\/page"}],"author":[{"embeddable":true,"href":"https:\/\/exclusivecolor.net\/en\/wp-json\/wp\/v2\/users\/12"}],"replies":[{"embeddable":true,"href":"https:\/\/exclusivecolor.net\/en\/wp-json\/wp\/v2\/comments?post=5542"}],"version-history":[{"count":16,"href":"https:\/\/exclusivecolor.net\/en\/wp-json\/wp\/v2\/pages\/5542\/revisions"}],"predecessor-version":[{"id":5565,"href":"https:\/\/exclusivecolor.net\/en\/wp-json\/wp\/v2\/pages\/5542\/revisions\/5565"}],"wp:attachment":[{"href":"https:\/\/exclusivecolor.net\/en\/wp-json\/wp\/v2\/media?parent=5542"}],"curies":[{"name":"wp","href":"https:\/\/api.w.org\/{rel}","templated":true}]}}