{"id":50,"date":"2020-08-15T12:17:54","date_gmt":"2020-08-15T12:17:54","guid":{"rendered":"https:\/\/jupiterx.artbees.net\/home-appliances-shop\/?page_id=50"},"modified":"2025-06-11T11:22:27","modified_gmt":"2025-06-11T11:22:27","slug":"contact","status":"publish","type":"page","link":"https:\/\/exclusivecolor.net\/en\/contact\/","title":{"rendered":"Contact"},"content":{"rendered":"<h1>Contact us <\/h1>\n<h3>\n\t\t\t\t\t\t\tLocation<br \/>\n\t\t\t\t\t<\/h3>\n<p>\n\t\t\t\t\t\tMuharrem Fejza, Pristina 10000, Kosovo\t\t\t\t\t<\/p>\n<h3>\n\t\t\t\t\t\t\tContact<br \/>\n\t\t\t\t\t<\/h3>\n<p>\n\t\t\t\t\t\t+383 44 508 668\t\t\t\t\t<\/p>\n<h3>\n\t\t\t\t\t\t\tWorking hours<br \/>\n\t\t\t\t\t<\/h3>\n<p>\n\t\t\t\t\t\tE H\u00ebn\u00eb &#8211; E Shtun\u00eb: 09:00 deri n\u00eb 18:00<br \/>\nSunday: Closed\t\t\t\t\t<\/p>\n<p>\t\t\t<iframe loading=\"lazy\"\n\t\t\t\t\tsrc=\"https:\/\/maps.google.com\/maps?q=Muharrem%20Fejza%2C%20Prishtin%C3%AB%2010000%2C%20Kosov%C3%AB&#038;t=m&#038;z=10&#038;output=embed&#038;iwloc=near\"\n\t\t\t\t\ttitle=\"Muharrem Fejza, Pristina 10000, Kosovo\"\n\t\t\t\t\taria-label=\"Muharrem Fejza, Pristina 10000, Kosovo\"\n\t\t\t><\/iframe><\/p>","protected":false},"excerpt":{"rendered":"<p>Kontaktoni me ne Lokacioni Muharrem Fejza, Prishtin\u00eb 10000, Kosov\u00eb Kontakti +383 44 508 668 Orari i pun\u00ebs E H\u00ebn\u00eb &#8211; E Shtun\u00eb: 09:00 deri n\u00eb 18:00 E Diel: Mbyllur<\/p>","protected":false},"author":12,"featured_media":0,"parent":0,"menu_order":0,"comment_status":"closed","ping_status":"closed","template":"full-width.php","meta":{"footnotes":""},"class_list":["post-50","page","type-page","status-publish","hentry"],"_links":{"self":[{"href":"https:\/\/exclusivecolor.net\/en\/wp-json\/wp\/v2\/pages\/50","targetHints":{"allow":["GET"]}}],"collection":[{"href":"https:\/\/exclusivecolor.net\/en\/wp-json\/wp\/v2\/pages"}],"about":[{"href":"https:\/\/exclusivecolor.net\/en\/wp-json\/wp\/v2\/types\/page"}],"author":[{"embeddable":true,"href":"https:\/\/exclusivecolor.net\/en\/wp-json\/wp\/v2\/users\/12"}],"replies":[{"embeddable":true,"href":"https:\/\/exclusivecolor.net\/en\/wp-json\/wp\/v2\/comments?post=50"}],"version-history":[{"count":102,"href":"https:\/\/exclusivecolor.net\/en\/wp-json\/wp\/v2\/pages\/50\/revisions"}],"predecessor-version":[{"id":5501,"href":"https:\/\/exclusivecolor.net\/en\/wp-json\/wp\/v2\/pages\/50\/revisions\/5501"}],"wp:attachment":[{"href":"https:\/\/exclusivecolor.net\/en\/wp-json\/wp\/v2\/media?parent=50"}],"curies":[{"name":"wp","href":"https:\/\/api.w.org\/{rel}","templated":true}]}}